{"id":1943,"date":"2025-12-10T13:20:00","date_gmt":"2025-12-10T13:20:00","guid":{"rendered":"https:\/\/niutengcable.com\/product\/amerikanische-netzkabel-nema-1-15p-stecker-typ-a-2-polig-etl-zertifiziert\/"},"modified":"2026-04-18T06:51:00","modified_gmt":"2026-04-18T06:51:00","slug":"amerikanische-netzkabel-nema-1-15p-stecker-typ-a-2-polig-etl-zertifiziert","status":"publish","type":"product","link":"https:\/\/niutengcable.com\/de\/produkt\/amerikanische-netzkabel-nema-1-15p-stecker-typ-a-2-polig-etl-zertifiziert\/","title":{"rendered":"Amerikanische Netzkabel, NEMA 1-15P-Stecker, Typ A, 2-polig, ETL-zertifiziert"},"content":{"rendered":"<p>Amerikanische Netzkabel, 10A, 13A, 15A 125V, Stecker Typ A. Amerikanische Netzkabel gem\u00e4\u00df NEMA 1-15P-Standard mit ETL-Zertifizierung. Nicht wiederanschlie\u00dfbarer Stecker, 2-polig ohne Erdungskontakt, mit nicht wiederanschlie\u00dfbaren flexiblen Kabeln. Dieses amerikanische zweipolige Netzkabel ist f\u00fcr allgemeine Anwendungen geeignet und umfasst flexible Kabel mit thermoplastischer PVC-Isolierung sowie flexible Kabel mit vernetzter elastomerer Gummiisolierung auf dem amerikanischen Markt. Unsere amerikanischen Stromkabelprodukte sind vollst\u00e4ndig umspritzt, haben ein flaches, ergonomisches Design und entsprechen den Richtlinien von RoHS und REACH.<\/p>\n","protected":false},"excerpt":{"rendered":"<p>Amerikanische Netzkabel, 10A, 13A, 15A 125V, Stecker Typ A. Amerikanische Netzkabel gem\u00e4\u00df NEMA 1-15P-Standard mit ETL-Zertifizierung. Nicht wiederanschlie\u00dfbarer Stecker, 2-polig ohne Erdungskontakt, mit nicht wiederanschlie\u00dfbaren flexiblen Kabeln. Dieses amerikanische zweipolige Netzkabel ist f\u00fcr allgemeine Anwendungen geeignet und umfasst flexible Kabel mit thermoplastischer PVC-Isolierung sowie flexible Kabel mit vernetzter elastomerer Gummiisolierung auf dem amerikanischen Markt. Unsere [&hellip;]<\/p>\n","protected":false},"featured_media":1944,"comment_status":"open","ping_status":"closed","template":"","meta":{"_acf_changed":false},"product_brand":[],"product_cat":[156],"product_tag":[],"class_list":{"0":"post-1943","1":"product","2":"type-product","3":"status-publish","4":"has-post-thumbnail","6":"product_cat-amerikanische-etl-netzkabel","8":"first","9":"instock","10":"shipping-taxable","11":"product-type-simple"},"acf":[],"yoast_head":"<!-- This site is optimized with the Yoast SEO plugin v27.4 - https:\/\/yoast.com\/product\/yoast-seo-wordpress\/ -->\n<title>Amerikanische Netzkabel, NEMA 1-15P-Stecker, Typ A, 2-polig, ETL-zertifiziert - Niutengcable<\/title>\n<meta name=\"robots\" content=\"index, follow, max-snippet:-1, max-image-preview:large, max-video-preview:-1\" \/>\n<link rel=\"canonical\" href=\"https:\/\/niutengcable.com\/de\/produkt\/amerikanische-netzkabel-nema-1-15p-stecker-typ-a-2-polig-etl-zertifiziert\/\" \/>\n<meta property=\"og:locale\" content=\"de_DE\" \/>\n<meta property=\"og:type\" content=\"article\" \/>\n<meta property=\"og:title\" content=\"Amerikanische Netzkabel, NEMA 1-15P-Stecker, Typ A, 2-polig, ETL-zertifiziert - Niutengcable\" \/>\n<meta property=\"og:description\" content=\"Amerikanische Netzkabel, 10A, 13A, 15A 125V, Stecker Typ A. Amerikanische Netzkabel gem\u00e4\u00df NEMA 1-15P-Standard mit ETL-Zertifizierung. Nicht wiederanschlie\u00dfbarer Stecker, 2-polig ohne Erdungskontakt, mit nicht wiederanschlie\u00dfbaren flexiblen Kabeln. Dieses amerikanische zweipolige Netzkabel ist f\u00fcr allgemeine Anwendungen geeignet und umfasst flexible Kabel mit thermoplastischer PVC-Isolierung sowie flexible Kabel mit vernetzter elastomerer Gummiisolierung auf dem amerikanischen Markt. Unsere [&hellip;]\" \/>\n<meta property=\"og:url\" content=\"https:\/\/niutengcable.com\/de\/produkt\/amerikanische-netzkabel-nema-1-15p-stecker-typ-a-2-polig-etl-zertifiziert\/\" \/>\n<meta property=\"og:site_name\" content=\"Niutengcable\" \/>\n<meta property=\"article:modified_time\" content=\"2026-04-18T06:51:00+00:00\" \/>\n<meta property=\"og:image\" content=\"https:\/\/niutengcable.com\/wp-content\/uploads\/2025\/12\/American-Power-Cords-NEMA-1-15P-Plug-Type-A-2-poles-ETL-Certified.webp\" \/>\n\t<meta property=\"og:image:width\" content=\"800\" \/>\n\t<meta property=\"og:image:height\" content=\"800\" \/>\n\t<meta property=\"og:image:type\" content=\"image\/webp\" \/>\n<meta name=\"twitter:card\" content=\"summary_large_image\" \/>\n<script type=\"application\/ld+json\" class=\"yoast-schema-graph\">{\"@context\":\"https:\\\/\\\/schema.org\",\"@graph\":[{\"@type\":\"WebPage\",\"@id\":\"https:\\\/\\\/niutengcable.com\\\/de\\\/produkt\\\/amerikanische-netzkabel-nema-1-15p-stecker-typ-a-2-polig-etl-zertifiziert\\\/\",\"url\":\"https:\\\/\\\/niutengcable.com\\\/de\\\/produkt\\\/amerikanische-netzkabel-nema-1-15p-stecker-typ-a-2-polig-etl-zertifiziert\\\/\",\"name\":\"Amerikanische Netzkabel, NEMA 1-15P-Stecker, Typ A, 2-polig, ETL-zertifiziert - Niutengcable\",\"isPartOf\":{\"@id\":\"https:\\\/\\\/niutengcable.com\\\/#website\"},\"primaryImageOfPage\":{\"@id\":\"https:\\\/\\\/niutengcable.com\\\/de\\\/produkt\\\/amerikanische-netzkabel-nema-1-15p-stecker-typ-a-2-polig-etl-zertifiziert\\\/#primaryimage\"},\"image\":{\"@id\":\"https:\\\/\\\/niutengcable.com\\\/de\\\/produkt\\\/amerikanische-netzkabel-nema-1-15p-stecker-typ-a-2-polig-etl-zertifiziert\\\/#primaryimage\"},\"thumbnailUrl\":\"https:\\\/\\\/niutengcable.com\\\/wp-content\\\/uploads\\\/2025\\\/12\\\/American-Power-Cords-NEMA-1-15P-Plug-Type-A-2-poles-ETL-Certified.webp\",\"datePublished\":\"2025-12-10T13:20:00+00:00\",\"dateModified\":\"2026-04-18T06:51:00+00:00\",\"breadcrumb\":{\"@id\":\"https:\\\/\\\/niutengcable.com\\\/de\\\/produkt\\\/amerikanische-netzkabel-nema-1-15p-stecker-typ-a-2-polig-etl-zertifiziert\\\/#breadcrumb\"},\"inLanguage\":\"de\",\"potentialAction\":[{\"@type\":\"ReadAction\",\"target\":[\"https:\\\/\\\/niutengcable.com\\\/de\\\/produkt\\\/amerikanische-netzkabel-nema-1-15p-stecker-typ-a-2-polig-etl-zertifiziert\\\/\"]}]},{\"@type\":\"ImageObject\",\"inLanguage\":\"de\",\"@id\":\"https:\\\/\\\/niutengcable.com\\\/de\\\/produkt\\\/amerikanische-netzkabel-nema-1-15p-stecker-typ-a-2-polig-etl-zertifiziert\\\/#primaryimage\",\"url\":\"https:\\\/\\\/niutengcable.com\\\/wp-content\\\/uploads\\\/2025\\\/12\\\/American-Power-Cords-NEMA-1-15P-Plug-Type-A-2-poles-ETL-Certified.webp\",\"contentUrl\":\"https:\\\/\\\/niutengcable.com\\\/wp-content\\\/uploads\\\/2025\\\/12\\\/American-Power-Cords-NEMA-1-15P-Plug-Type-A-2-poles-ETL-Certified.webp\",\"width\":800,\"height\":800},{\"@type\":\"BreadcrumbList\",\"@id\":\"https:\\\/\\\/niutengcable.com\\\/de\\\/produkt\\\/amerikanische-netzkabel-nema-1-15p-stecker-typ-a-2-polig-etl-zertifiziert\\\/#breadcrumb\",\"itemListElement\":[{\"@type\":\"ListItem\",\"position\":1,\"name\":\"Home\",\"item\":\"https:\\\/\\\/niutengcable.com\\\/de\\\/heim\\\/\"},{\"@type\":\"ListItem\",\"position\":2,\"name\":\"Shop\",\"item\":\"https:\\\/\\\/niutengcable.com\\\/de\\\/shop\\\/\"},{\"@type\":\"ListItem\",\"position\":3,\"name\":\"Amerikanische Netzkabel, NEMA 1-15P-Stecker, Typ A, 2-polig, ETL-zertifiziert\"}]},{\"@type\":\"WebSite\",\"@id\":\"https:\\\/\\\/niutengcable.com\\\/#website\",\"url\":\"https:\\\/\\\/niutengcable.com\\\/\",\"name\":\"Niutengcable\",\"description\":\"\",\"publisher\":{\"@id\":\"https:\\\/\\\/niutengcable.com\\\/#organization\"},\"potentialAction\":[{\"@type\":\"SearchAction\",\"target\":{\"@type\":\"EntryPoint\",\"urlTemplate\":\"https:\\\/\\\/niutengcable.com\\\/?s={search_term_string}\"},\"query-input\":{\"@type\":\"PropertyValueSpecification\",\"valueRequired\":true,\"valueName\":\"search_term_string\"}}],\"inLanguage\":\"de\"},{\"@type\":\"Organization\",\"@id\":\"https:\\\/\\\/niutengcable.com\\\/#organization\",\"name\":\"Niutengcable\",\"url\":\"https:\\\/\\\/niutengcable.com\\\/\",\"logo\":{\"@type\":\"ImageObject\",\"inLanguage\":\"de\",\"@id\":\"https:\\\/\\\/niutengcable.com\\\/#\\\/schema\\\/logo\\\/image\\\/\",\"url\":\"https:\\\/\\\/niutengcable.com\\\/wp-content\\\/uploads\\\/2025\\\/11\\\/logo512@1x.webp\",\"contentUrl\":\"https:\\\/\\\/niutengcable.com\\\/wp-content\\\/uploads\\\/2025\\\/11\\\/logo512@1x.webp\",\"width\":512,\"height\":512,\"caption\":\"Niutengcable\"},\"image\":{\"@id\":\"https:\\\/\\\/niutengcable.com\\\/#\\\/schema\\\/logo\\\/image\\\/\"}}]}<\/script>\n<!-- \/ Yoast SEO plugin. -->","yoast_head_json":{"title":"Amerikanische Netzkabel, NEMA 1-15P-Stecker, Typ A, 2-polig, ETL-zertifiziert - Niutengcable","robots":{"index":"index","follow":"follow","max-snippet":"max-snippet:-1","max-image-preview":"max-image-preview:large","max-video-preview":"max-video-preview:-1"},"canonical":"https:\/\/niutengcable.com\/de\/produkt\/amerikanische-netzkabel-nema-1-15p-stecker-typ-a-2-polig-etl-zertifiziert\/","og_locale":"de_DE","og_type":"article","og_title":"Amerikanische Netzkabel, NEMA 1-15P-Stecker, Typ A, 2-polig, ETL-zertifiziert - Niutengcable","og_description":"Amerikanische Netzkabel, 10A, 13A, 15A 125V, Stecker Typ A. Amerikanische Netzkabel gem\u00e4\u00df NEMA 1-15P-Standard mit ETL-Zertifizierung. Nicht wiederanschlie\u00dfbarer Stecker, 2-polig ohne Erdungskontakt, mit nicht wiederanschlie\u00dfbaren flexiblen Kabeln. Dieses amerikanische zweipolige Netzkabel ist f\u00fcr allgemeine Anwendungen geeignet und umfasst flexible Kabel mit thermoplastischer PVC-Isolierung sowie flexible Kabel mit vernetzter elastomerer Gummiisolierung auf dem amerikanischen Markt. Unsere [&hellip;]","og_url":"https:\/\/niutengcable.com\/de\/produkt\/amerikanische-netzkabel-nema-1-15p-stecker-typ-a-2-polig-etl-zertifiziert\/","og_site_name":"Niutengcable","article_modified_time":"2026-04-18T06:51:00+00:00","og_image":[{"width":800,"height":800,"url":"https:\/\/niutengcable.com\/wp-content\/uploads\/2025\/12\/American-Power-Cords-NEMA-1-15P-Plug-Type-A-2-poles-ETL-Certified.webp","type":"image\/webp"}],"twitter_card":"summary_large_image","schema":{"@context":"https:\/\/schema.org","@graph":[{"@type":"WebPage","@id":"https:\/\/niutengcable.com\/de\/produkt\/amerikanische-netzkabel-nema-1-15p-stecker-typ-a-2-polig-etl-zertifiziert\/","url":"https:\/\/niutengcable.com\/de\/produkt\/amerikanische-netzkabel-nema-1-15p-stecker-typ-a-2-polig-etl-zertifiziert\/","name":"Amerikanische Netzkabel, NEMA 1-15P-Stecker, Typ A, 2-polig, ETL-zertifiziert - Niutengcable","isPartOf":{"@id":"https:\/\/niutengcable.com\/#website"},"primaryImageOfPage":{"@id":"https:\/\/niutengcable.com\/de\/produkt\/amerikanische-netzkabel-nema-1-15p-stecker-typ-a-2-polig-etl-zertifiziert\/#primaryimage"},"image":{"@id":"https:\/\/niutengcable.com\/de\/produkt\/amerikanische-netzkabel-nema-1-15p-stecker-typ-a-2-polig-etl-zertifiziert\/#primaryimage"},"thumbnailUrl":"https:\/\/niutengcable.com\/wp-content\/uploads\/2025\/12\/American-Power-Cords-NEMA-1-15P-Plug-Type-A-2-poles-ETL-Certified.webp","datePublished":"2025-12-10T13:20:00+00:00","dateModified":"2026-04-18T06:51:00+00:00","breadcrumb":{"@id":"https:\/\/niutengcable.com\/de\/produkt\/amerikanische-netzkabel-nema-1-15p-stecker-typ-a-2-polig-etl-zertifiziert\/#breadcrumb"},"inLanguage":"de","potentialAction":[{"@type":"ReadAction","target":["https:\/\/niutengcable.com\/de\/produkt\/amerikanische-netzkabel-nema-1-15p-stecker-typ-a-2-polig-etl-zertifiziert\/"]}]},{"@type":"ImageObject","inLanguage":"de","@id":"https:\/\/niutengcable.com\/de\/produkt\/amerikanische-netzkabel-nema-1-15p-stecker-typ-a-2-polig-etl-zertifiziert\/#primaryimage","url":"https:\/\/niutengcable.com\/wp-content\/uploads\/2025\/12\/American-Power-Cords-NEMA-1-15P-Plug-Type-A-2-poles-ETL-Certified.webp","contentUrl":"https:\/\/niutengcable.com\/wp-content\/uploads\/2025\/12\/American-Power-Cords-NEMA-1-15P-Plug-Type-A-2-poles-ETL-Certified.webp","width":800,"height":800},{"@type":"BreadcrumbList","@id":"https:\/\/niutengcable.com\/de\/produkt\/amerikanische-netzkabel-nema-1-15p-stecker-typ-a-2-polig-etl-zertifiziert\/#breadcrumb","itemListElement":[{"@type":"ListItem","position":1,"name":"Home","item":"https:\/\/niutengcable.com\/de\/heim\/"},{"@type":"ListItem","position":2,"name":"Shop","item":"https:\/\/niutengcable.com\/de\/shop\/"},{"@type":"ListItem","position":3,"name":"Amerikanische Netzkabel, NEMA 1-15P-Stecker, Typ A, 2-polig, ETL-zertifiziert"}]},{"@type":"WebSite","@id":"https:\/\/niutengcable.com\/#website","url":"https:\/\/niutengcable.com\/","name":"Niutengcable","description":"","publisher":{"@id":"https:\/\/niutengcable.com\/#organization"},"potentialAction":[{"@type":"SearchAction","target":{"@type":"EntryPoint","urlTemplate":"https:\/\/niutengcable.com\/?s={search_term_string}"},"query-input":{"@type":"PropertyValueSpecification","valueRequired":true,"valueName":"search_term_string"}}],"inLanguage":"de"},{"@type":"Organization","@id":"https:\/\/niutengcable.com\/#organization","name":"Niutengcable","url":"https:\/\/niutengcable.com\/","logo":{"@type":"ImageObject","inLanguage":"de","@id":"https:\/\/niutengcable.com\/#\/schema\/logo\/image\/","url":"https:\/\/niutengcable.com\/wp-content\/uploads\/2025\/11\/logo512@1x.webp","contentUrl":"https:\/\/niutengcable.com\/wp-content\/uploads\/2025\/11\/logo512@1x.webp","width":512,"height":512,"caption":"Niutengcable"},"image":{"@id":"https:\/\/niutengcable.com\/#\/schema\/logo\/image\/"}}]}},"_links":{"self":[{"href":"https:\/\/niutengcable.com\/de\/wp-json\/wp\/v2\/product\/1943","targetHints":{"allow":["GET"]}}],"collection":[{"href":"https:\/\/niutengcable.com\/de\/wp-json\/wp\/v2\/product"}],"about":[{"href":"https:\/\/niutengcable.com\/de\/wp-json\/wp\/v2\/types\/product"}],"replies":[{"embeddable":true,"href":"https:\/\/niutengcable.com\/de\/wp-json\/wp\/v2\/comments?post=1943"}],"wp:featuredmedia":[{"embeddable":true,"href":"https:\/\/niutengcable.com\/de\/wp-json\/wp\/v2\/media\/1944"}],"wp:attachment":[{"href":"https:\/\/niutengcable.com\/de\/wp-json\/wp\/v2\/media?parent=1943"}],"wp:term":[{"taxonomy":"product_brand","embeddable":true,"href":"https:\/\/niutengcable.com\/de\/wp-json\/wp\/v2\/product_brand?post=1943"},{"taxonomy":"product_cat","embeddable":true,"href":"https:\/\/niutengcable.com\/de\/wp-json\/wp\/v2\/product_cat?post=1943"},{"taxonomy":"product_tag","embeddable":true,"href":"https:\/\/niutengcable.com\/de\/wp-json\/wp\/v2\/product_tag?post=1943"}],"curies":[{"name":"wp","href":"https:\/\/api.w.org\/{rel}","templated":true}]}}