{"id":1923,"date":"2025-12-11T11:05:59","date_gmt":"2025-12-11T11:05:59","guid":{"rendered":"https:\/\/niutengcable.com\/product\/cable-dalimentation-italie-imq-cei-23-16-prise-3-broches-10-a\/"},"modified":"2025-12-29T06:53:11","modified_gmt":"2025-12-29T06:53:11","slug":"cable-dalimentation-italie-imq-cei-23-16-prise-3-broches-10-a","status":"publish","type":"product","link":"https:\/\/niutengcable.com\/fr\/produit\/cable-dalimentation-italie-imq-cei-23-16-prise-3-broches-10-a\/","title":{"rendered":"C\u00e2ble d&rsquo;alimentation Italie IMQ CEI 23 16, prise 3 broches 10 A"},"content":{"rendered":"<p>C\u00e2bles d&rsquo;alimentation italiens, 10 A 250 V, fiche de type L. Ces c\u00e2bles d&rsquo;alimentation sont conformes \u00e0 la norme CEI 23-50 et certifi\u00e9s IMQ. Fiche non rec\u00e2blable \u00e0 2 p\u00f4les avec contact de terre. C\u00e2bles souples moul\u00e9s. Ces c\u00e2bles d&rsquo;alimentation italiens \u00e0 trois broches sont compatibles avec les c\u00e2bles souples \u00e0 isolation PVC thermoplastique et \u00e0 isolation caoutchouc \u00e9lastom\u00e8re r\u00e9ticul\u00e9 disponibles sur le march\u00e9 italien. Nos c\u00e2bles d&rsquo;alimentation italiens sont enti\u00e8rement moul\u00e9s, pr\u00e9sentent un design ergonomique compact et sont conformes aux normes RoHS et REACH.<\/p>\n","protected":false},"excerpt":{"rendered":"<p>C\u00e2bles d&rsquo;alimentation italiens, 10 A 250 V, fiche de type L. Ces c\u00e2bles d&rsquo;alimentation sont conformes \u00e0 la norme CEI 23-50 et certifi\u00e9s IMQ. Fiche non rec\u00e2blable \u00e0 2 p\u00f4les avec contact de terre. C\u00e2bles souples moul\u00e9s. Ces c\u00e2bles d&rsquo;alimentation italiens \u00e0 trois broches sont compatibles avec les c\u00e2bles souples \u00e0 isolation PVC thermoplastique et [&hellip;]<\/p>\n","protected":false},"featured_media":1527,"comment_status":"open","ping_status":"closed","template":"","meta":{"_acf_changed":false},"product_brand":[],"product_cat":[173],"product_tag":[],"class_list":{"0":"post-1923","1":"product","2":"type-product","3":"status-publish","4":"has-post-thumbnail","6":"product_cat-cables-dalimentation-imq-italie","8":"first","9":"instock","10":"shipping-taxable","11":"product-type-simple"},"acf":[],"yoast_head":"<!-- This site is optimized with the Yoast SEO plugin v27.4 - https:\/\/yoast.com\/product\/yoast-seo-wordpress\/ -->\n<title>C\u00e2ble d&#039;alimentation Italie IMQ CEI 23 16, prise 3 broches 10 A - Niutengcable<\/title>\n<meta name=\"robots\" content=\"index, follow, max-snippet:-1, max-image-preview:large, max-video-preview:-1\" \/>\n<link rel=\"canonical\" href=\"https:\/\/niutengcable.com\/fr\/produit\/cable-dalimentation-italie-imq-cei-23-16-prise-3-broches-10-a\/\" \/>\n<meta property=\"og:locale\" content=\"fr_FR\" \/>\n<meta property=\"og:type\" content=\"article\" \/>\n<meta property=\"og:title\" content=\"C\u00e2ble d&#039;alimentation Italie IMQ CEI 23 16, prise 3 broches 10 A - Niutengcable\" \/>\n<meta property=\"og:description\" content=\"C\u00e2bles d&rsquo;alimentation italiens, 10 A 250 V, fiche de type L. Ces c\u00e2bles d&rsquo;alimentation sont conformes \u00e0 la norme CEI 23-50 et certifi\u00e9s IMQ. Fiche non rec\u00e2blable \u00e0 2 p\u00f4les avec contact de terre. C\u00e2bles souples moul\u00e9s. Ces c\u00e2bles d&rsquo;alimentation italiens \u00e0 trois broches sont compatibles avec les c\u00e2bles souples \u00e0 isolation PVC thermoplastique et [&hellip;]\" \/>\n<meta property=\"og:url\" content=\"https:\/\/niutengcable.com\/fr\/produit\/cable-dalimentation-italie-imq-cei-23-16-prise-3-broches-10-a\/\" \/>\n<meta property=\"og:site_name\" content=\"Niutengcable\" \/>\n<meta property=\"article:modified_time\" content=\"2025-12-29T06:53:11+00:00\" \/>\n<meta property=\"og:image\" content=\"https:\/\/niutengcable.com\/wp-content\/uploads\/2025\/12\/Italy-IMQ-CEI-23-16-power-cord-3-pins-10a-plug.webp\" \/>\n\t<meta property=\"og:image:width\" content=\"800\" \/>\n\t<meta property=\"og:image:height\" content=\"800\" \/>\n\t<meta property=\"og:image:type\" content=\"image\/webp\" \/>\n<meta name=\"twitter:card\" content=\"summary_large_image\" \/>\n<script type=\"application\/ld+json\" class=\"yoast-schema-graph\">{\"@context\":\"https:\\\/\\\/schema.org\",\"@graph\":[{\"@type\":\"WebPage\",\"@id\":\"https:\\\/\\\/niutengcable.com\\\/fr\\\/produit\\\/cable-dalimentation-italie-imq-cei-23-16-prise-3-broches-10-a\\\/\",\"url\":\"https:\\\/\\\/niutengcable.com\\\/fr\\\/produit\\\/cable-dalimentation-italie-imq-cei-23-16-prise-3-broches-10-a\\\/\",\"name\":\"C\u00e2ble d'alimentation Italie IMQ CEI 23 16, prise 3 broches 10 A - Niutengcable\",\"isPartOf\":{\"@id\":\"https:\\\/\\\/niutengcable.com\\\/#website\"},\"primaryImageOfPage\":{\"@id\":\"https:\\\/\\\/niutengcable.com\\\/fr\\\/produit\\\/cable-dalimentation-italie-imq-cei-23-16-prise-3-broches-10-a\\\/#primaryimage\"},\"image\":{\"@id\":\"https:\\\/\\\/niutengcable.com\\\/fr\\\/produit\\\/cable-dalimentation-italie-imq-cei-23-16-prise-3-broches-10-a\\\/#primaryimage\"},\"thumbnailUrl\":\"https:\\\/\\\/niutengcable.com\\\/wp-content\\\/uploads\\\/2025\\\/12\\\/Italy-IMQ-CEI-23-16-power-cord-3-pins-10a-plug.webp\",\"datePublished\":\"2025-12-11T11:05:59+00:00\",\"dateModified\":\"2025-12-29T06:53:11+00:00\",\"breadcrumb\":{\"@id\":\"https:\\\/\\\/niutengcable.com\\\/fr\\\/produit\\\/cable-dalimentation-italie-imq-cei-23-16-prise-3-broches-10-a\\\/#breadcrumb\"},\"inLanguage\":\"fr-FR\",\"potentialAction\":[{\"@type\":\"ReadAction\",\"target\":[\"https:\\\/\\\/niutengcable.com\\\/fr\\\/produit\\\/cable-dalimentation-italie-imq-cei-23-16-prise-3-broches-10-a\\\/\"]}]},{\"@type\":\"ImageObject\",\"inLanguage\":\"fr-FR\",\"@id\":\"https:\\\/\\\/niutengcable.com\\\/fr\\\/produit\\\/cable-dalimentation-italie-imq-cei-23-16-prise-3-broches-10-a\\\/#primaryimage\",\"url\":\"https:\\\/\\\/niutengcable.com\\\/wp-content\\\/uploads\\\/2025\\\/12\\\/Italy-IMQ-CEI-23-16-power-cord-3-pins-10a-plug.webp\",\"contentUrl\":\"https:\\\/\\\/niutengcable.com\\\/wp-content\\\/uploads\\\/2025\\\/12\\\/Italy-IMQ-CEI-23-16-power-cord-3-pins-10a-plug.webp\",\"width\":800,\"height\":800},{\"@type\":\"BreadcrumbList\",\"@id\":\"https:\\\/\\\/niutengcable.com\\\/fr\\\/produit\\\/cable-dalimentation-italie-imq-cei-23-16-prise-3-broches-10-a\\\/#breadcrumb\",\"itemListElement\":[{\"@type\":\"ListItem\",\"position\":1,\"name\":\"Home\",\"item\":\"https:\\\/\\\/niutengcable.com\\\/fr\\\/maison\\\/\"},{\"@type\":\"ListItem\",\"position\":2,\"name\":\"produits\",\"item\":\"https:\\\/\\\/niutengcable.com\\\/fr\\\/boutique\\\/\"},{\"@type\":\"ListItem\",\"position\":3,\"name\":\"C\u00e2ble d&#8217;alimentation Italie IMQ CEI 23 16, prise 3 broches 10 A\"}]},{\"@type\":\"WebSite\",\"@id\":\"https:\\\/\\\/niutengcable.com\\\/#website\",\"url\":\"https:\\\/\\\/niutengcable.com\\\/\",\"name\":\"Niutengcable\",\"description\":\"\",\"publisher\":{\"@id\":\"https:\\\/\\\/niutengcable.com\\\/#organization\"},\"potentialAction\":[{\"@type\":\"SearchAction\",\"target\":{\"@type\":\"EntryPoint\",\"urlTemplate\":\"https:\\\/\\\/niutengcable.com\\\/?s={search_term_string}\"},\"query-input\":{\"@type\":\"PropertyValueSpecification\",\"valueRequired\":true,\"valueName\":\"search_term_string\"}}],\"inLanguage\":\"fr-FR\"},{\"@type\":\"Organization\",\"@id\":\"https:\\\/\\\/niutengcable.com\\\/#organization\",\"name\":\"Niutengcable\",\"url\":\"https:\\\/\\\/niutengcable.com\\\/\",\"logo\":{\"@type\":\"ImageObject\",\"inLanguage\":\"fr-FR\",\"@id\":\"https:\\\/\\\/niutengcable.com\\\/#\\\/schema\\\/logo\\\/image\\\/\",\"url\":\"https:\\\/\\\/niutengcable.com\\\/wp-content\\\/uploads\\\/2025\\\/11\\\/logo512@1x.webp\",\"contentUrl\":\"https:\\\/\\\/niutengcable.com\\\/wp-content\\\/uploads\\\/2025\\\/11\\\/logo512@1x.webp\",\"width\":512,\"height\":512,\"caption\":\"Niutengcable\"},\"image\":{\"@id\":\"https:\\\/\\\/niutengcable.com\\\/#\\\/schema\\\/logo\\\/image\\\/\"}}]}<\/script>\n<!-- \/ Yoast SEO plugin. -->","yoast_head_json":{"title":"C\u00e2ble d'alimentation Italie IMQ CEI 23 16, prise 3 broches 10 A - Niutengcable","robots":{"index":"index","follow":"follow","max-snippet":"max-snippet:-1","max-image-preview":"max-image-preview:large","max-video-preview":"max-video-preview:-1"},"canonical":"https:\/\/niutengcable.com\/fr\/produit\/cable-dalimentation-italie-imq-cei-23-16-prise-3-broches-10-a\/","og_locale":"fr_FR","og_type":"article","og_title":"C\u00e2ble d'alimentation Italie IMQ CEI 23 16, prise 3 broches 10 A - Niutengcable","og_description":"C\u00e2bles d&rsquo;alimentation italiens, 10 A 250 V, fiche de type L. Ces c\u00e2bles d&rsquo;alimentation sont conformes \u00e0 la norme CEI 23-50 et certifi\u00e9s IMQ. Fiche non rec\u00e2blable \u00e0 2 p\u00f4les avec contact de terre. C\u00e2bles souples moul\u00e9s. Ces c\u00e2bles d&rsquo;alimentation italiens \u00e0 trois broches sont compatibles avec les c\u00e2bles souples \u00e0 isolation PVC thermoplastique et [&hellip;]","og_url":"https:\/\/niutengcable.com\/fr\/produit\/cable-dalimentation-italie-imq-cei-23-16-prise-3-broches-10-a\/","og_site_name":"Niutengcable","article_modified_time":"2025-12-29T06:53:11+00:00","og_image":[{"width":800,"height":800,"url":"https:\/\/niutengcable.com\/wp-content\/uploads\/2025\/12\/Italy-IMQ-CEI-23-16-power-cord-3-pins-10a-plug.webp","type":"image\/webp"}],"twitter_card":"summary_large_image","schema":{"@context":"https:\/\/schema.org","@graph":[{"@type":"WebPage","@id":"https:\/\/niutengcable.com\/fr\/produit\/cable-dalimentation-italie-imq-cei-23-16-prise-3-broches-10-a\/","url":"https:\/\/niutengcable.com\/fr\/produit\/cable-dalimentation-italie-imq-cei-23-16-prise-3-broches-10-a\/","name":"C\u00e2ble d'alimentation Italie IMQ CEI 23 16, prise 3 broches 10 A - Niutengcable","isPartOf":{"@id":"https:\/\/niutengcable.com\/#website"},"primaryImageOfPage":{"@id":"https:\/\/niutengcable.com\/fr\/produit\/cable-dalimentation-italie-imq-cei-23-16-prise-3-broches-10-a\/#primaryimage"},"image":{"@id":"https:\/\/niutengcable.com\/fr\/produit\/cable-dalimentation-italie-imq-cei-23-16-prise-3-broches-10-a\/#primaryimage"},"thumbnailUrl":"https:\/\/niutengcable.com\/wp-content\/uploads\/2025\/12\/Italy-IMQ-CEI-23-16-power-cord-3-pins-10a-plug.webp","datePublished":"2025-12-11T11:05:59+00:00","dateModified":"2025-12-29T06:53:11+00:00","breadcrumb":{"@id":"https:\/\/niutengcable.com\/fr\/produit\/cable-dalimentation-italie-imq-cei-23-16-prise-3-broches-10-a\/#breadcrumb"},"inLanguage":"fr-FR","potentialAction":[{"@type":"ReadAction","target":["https:\/\/niutengcable.com\/fr\/produit\/cable-dalimentation-italie-imq-cei-23-16-prise-3-broches-10-a\/"]}]},{"@type":"ImageObject","inLanguage":"fr-FR","@id":"https:\/\/niutengcable.com\/fr\/produit\/cable-dalimentation-italie-imq-cei-23-16-prise-3-broches-10-a\/#primaryimage","url":"https:\/\/niutengcable.com\/wp-content\/uploads\/2025\/12\/Italy-IMQ-CEI-23-16-power-cord-3-pins-10a-plug.webp","contentUrl":"https:\/\/niutengcable.com\/wp-content\/uploads\/2025\/12\/Italy-IMQ-CEI-23-16-power-cord-3-pins-10a-plug.webp","width":800,"height":800},{"@type":"BreadcrumbList","@id":"https:\/\/niutengcable.com\/fr\/produit\/cable-dalimentation-italie-imq-cei-23-16-prise-3-broches-10-a\/#breadcrumb","itemListElement":[{"@type":"ListItem","position":1,"name":"Home","item":"https:\/\/niutengcable.com\/fr\/maison\/"},{"@type":"ListItem","position":2,"name":"produits","item":"https:\/\/niutengcable.com\/fr\/boutique\/"},{"@type":"ListItem","position":3,"name":"C\u00e2ble d&#8217;alimentation Italie IMQ CEI 23 16, prise 3 broches 10 A"}]},{"@type":"WebSite","@id":"https:\/\/niutengcable.com\/#website","url":"https:\/\/niutengcable.com\/","name":"Niutengcable","description":"","publisher":{"@id":"https:\/\/niutengcable.com\/#organization"},"potentialAction":[{"@type":"SearchAction","target":{"@type":"EntryPoint","urlTemplate":"https:\/\/niutengcable.com\/?s={search_term_string}"},"query-input":{"@type":"PropertyValueSpecification","valueRequired":true,"valueName":"search_term_string"}}],"inLanguage":"fr-FR"},{"@type":"Organization","@id":"https:\/\/niutengcable.com\/#organization","name":"Niutengcable","url":"https:\/\/niutengcable.com\/","logo":{"@type":"ImageObject","inLanguage":"fr-FR","@id":"https:\/\/niutengcable.com\/#\/schema\/logo\/image\/","url":"https:\/\/niutengcable.com\/wp-content\/uploads\/2025\/11\/logo512@1x.webp","contentUrl":"https:\/\/niutengcable.com\/wp-content\/uploads\/2025\/11\/logo512@1x.webp","width":512,"height":512,"caption":"Niutengcable"},"image":{"@id":"https:\/\/niutengcable.com\/#\/schema\/logo\/image\/"}}]}},"_links":{"self":[{"href":"https:\/\/niutengcable.com\/fr\/wp-json\/wp\/v2\/product\/1923","targetHints":{"allow":["GET"]}}],"collection":[{"href":"https:\/\/niutengcable.com\/fr\/wp-json\/wp\/v2\/product"}],"about":[{"href":"https:\/\/niutengcable.com\/fr\/wp-json\/wp\/v2\/types\/product"}],"replies":[{"embeddable":true,"href":"https:\/\/niutengcable.com\/fr\/wp-json\/wp\/v2\/comments?post=1923"}],"wp:featuredmedia":[{"embeddable":true,"href":"https:\/\/niutengcable.com\/fr\/wp-json\/wp\/v2\/media\/1527"}],"wp:attachment":[{"href":"https:\/\/niutengcable.com\/fr\/wp-json\/wp\/v2\/media?parent=1923"}],"wp:term":[{"taxonomy":"product_brand","embeddable":true,"href":"https:\/\/niutengcable.com\/fr\/wp-json\/wp\/v2\/product_brand?post=1923"},{"taxonomy":"product_cat","embeddable":true,"href":"https:\/\/niutengcable.com\/fr\/wp-json\/wp\/v2\/product_cat?post=1923"},{"taxonomy":"product_tag","embeddable":true,"href":"https:\/\/niutengcable.com\/fr\/wp-json\/wp\/v2\/product_tag?post=1923"}],"curies":[{"name":"wp","href":"https:\/\/api.w.org\/{rel}","templated":true}]}}