{"id":1935,"date":"2025-12-10T13:41:23","date_gmt":"2025-12-10T13:41:23","guid":{"rendered":"https:\/\/niutengcable.com\/product\/cordon-dalimentation-americain-fiche-nema-1-15p-type-a-2-poles-certifie-etl-02\/"},"modified":"2025-12-29T07:16:28","modified_gmt":"2025-12-29T07:16:28","slug":"cordon-dalimentation-americain-fiche-nema-1-15p-type-a-2-poles-certifie-etl-02","status":"publish","type":"product","link":"https:\/\/niutengcable.com\/fr\/produit\/cordon-dalimentation-americain-fiche-nema-1-15p-type-a-2-poles-certifie-etl-02\/","title":{"rendered":"Cordon d&rsquo;alimentation am\u00e9ricain, fiche NEMA 1-15P, type A, 2 p\u00f4les, certifi\u00e9 ETL-02"},"content":{"rendered":"<p>Cordons d&rsquo;alimentation am\u00e9ricains, 10A, 13A, 15A 125V, prise de type A. Cordons d&rsquo;alimentation am\u00e9ricains conformes aux normes NEMA 1-15P avec certification ETL. Fiche non rec\u00e2blable \u00e0 2 p\u00f4les sans contact de terre, moul\u00e9e avec des cordons flexibles non rec\u00e2blables. Ce c\u00e2ble d&rsquo;alimentation am\u00e9ricain \u00e0 deux broches convient aux applications g\u00e9n\u00e9rales et comprend des c\u00e2bles flexibles avec isolation en PVC thermoplastique et des c\u00e2bles flexibles avec isolation en caoutchouc \u00e9lastom\u00e8re r\u00e9ticul\u00e9 sur le march\u00e9 am\u00e9ricain. Nos cordons d&rsquo;alimentation am\u00e9ricains sont enti\u00e8rement moul\u00e9s, pr\u00e9sentent un design ergonomique discret et sont conformes aux normes RoHS et REACH.<\/p>\n","protected":false},"excerpt":{"rendered":"<p>Cordons d&rsquo;alimentation am\u00e9ricains, 10A, 13A, 15A 125V, prise de type A. Cordons d&rsquo;alimentation am\u00e9ricains conformes aux normes NEMA 1-15P avec certification ETL. Fiche non rec\u00e2blable \u00e0 2 p\u00f4les sans contact de terre, moul\u00e9e avec des cordons flexibles non rec\u00e2blables. Ce c\u00e2ble d&rsquo;alimentation am\u00e9ricain \u00e0 deux broches convient aux applications g\u00e9n\u00e9rales et comprend des c\u00e2bles flexibles [&hellip;]<\/p>\n","protected":false},"featured_media":1936,"comment_status":"open","ping_status":"closed","template":"","meta":{"_acf_changed":false},"product_brand":[],"product_cat":[155],"product_tag":[],"class_list":{"0":"post-1935","1":"product","2":"type-product","3":"status-publish","4":"has-post-thumbnail","6":"product_cat-cables-dalimentation-americains-etl","8":"first","9":"instock","10":"shipping-taxable","11":"product-type-simple"},"acf":[],"yoast_head":"<!-- This site is optimized with the Yoast SEO plugin v27.4 - https:\/\/yoast.com\/product\/yoast-seo-wordpress\/ -->\n<title>Cordon d&#039;alimentation am\u00e9ricain, fiche NEMA 1-15P, type A, 2 p\u00f4les, certifi\u00e9 ETL-02 - Niutengcable<\/title>\n<meta name=\"robots\" content=\"index, follow, max-snippet:-1, max-image-preview:large, max-video-preview:-1\" \/>\n<link rel=\"canonical\" href=\"https:\/\/niutengcable.com\/fr\/produit\/cordon-dalimentation-americain-fiche-nema-1-15p-type-a-2-poles-certifie-etl-02\/\" \/>\n<meta property=\"og:locale\" content=\"fr_FR\" \/>\n<meta property=\"og:type\" content=\"article\" \/>\n<meta property=\"og:title\" content=\"Cordon d&#039;alimentation am\u00e9ricain, fiche NEMA 1-15P, type A, 2 p\u00f4les, certifi\u00e9 ETL-02 - Niutengcable\" \/>\n<meta property=\"og:description\" content=\"Cordons d&rsquo;alimentation am\u00e9ricains, 10A, 13A, 15A 125V, prise de type A. Cordons d&rsquo;alimentation am\u00e9ricains conformes aux normes NEMA 1-15P avec certification ETL. Fiche non rec\u00e2blable \u00e0 2 p\u00f4les sans contact de terre, moul\u00e9e avec des cordons flexibles non rec\u00e2blables. Ce c\u00e2ble d&rsquo;alimentation am\u00e9ricain \u00e0 deux broches convient aux applications g\u00e9n\u00e9rales et comprend des c\u00e2bles flexibles [&hellip;]\" \/>\n<meta property=\"og:url\" content=\"https:\/\/niutengcable.com\/fr\/produit\/cordon-dalimentation-americain-fiche-nema-1-15p-type-a-2-poles-certifie-etl-02\/\" \/>\n<meta property=\"og:site_name\" content=\"Niutengcable\" \/>\n<meta property=\"article:modified_time\" content=\"2025-12-29T07:16:28+00:00\" \/>\n<meta property=\"og:image\" content=\"https:\/\/niutengcable.com\/wp-content\/uploads\/2025\/12\/American-Power-Cords-NEMA-1-15P-Plug-Type-A-2-poles-ETL-Certified-02.webp\" \/>\n\t<meta property=\"og:image:width\" content=\"800\" \/>\n\t<meta property=\"og:image:height\" content=\"800\" \/>\n\t<meta property=\"og:image:type\" content=\"image\/webp\" \/>\n<meta name=\"twitter:card\" content=\"summary_large_image\" \/>\n<meta name=\"twitter:label1\" content=\"Dur\u00e9e de lecture estim\u00e9e\" \/>\n\t<meta name=\"twitter:data1\" content=\"1 minute\" \/>\n<script type=\"application\/ld+json\" class=\"yoast-schema-graph\">{\"@context\":\"https:\\\/\\\/schema.org\",\"@graph\":[{\"@type\":\"WebPage\",\"@id\":\"https:\\\/\\\/niutengcable.com\\\/fr\\\/produit\\\/cordon-dalimentation-americain-fiche-nema-1-15p-type-a-2-poles-certifie-etl-02\\\/\",\"url\":\"https:\\\/\\\/niutengcable.com\\\/fr\\\/produit\\\/cordon-dalimentation-americain-fiche-nema-1-15p-type-a-2-poles-certifie-etl-02\\\/\",\"name\":\"Cordon d'alimentation am\u00e9ricain, fiche NEMA 1-15P, type A, 2 p\u00f4les, certifi\u00e9 ETL-02 - Niutengcable\",\"isPartOf\":{\"@id\":\"https:\\\/\\\/niutengcable.com\\\/#website\"},\"primaryImageOfPage\":{\"@id\":\"https:\\\/\\\/niutengcable.com\\\/fr\\\/produit\\\/cordon-dalimentation-americain-fiche-nema-1-15p-type-a-2-poles-certifie-etl-02\\\/#primaryimage\"},\"image\":{\"@id\":\"https:\\\/\\\/niutengcable.com\\\/fr\\\/produit\\\/cordon-dalimentation-americain-fiche-nema-1-15p-type-a-2-poles-certifie-etl-02\\\/#primaryimage\"},\"thumbnailUrl\":\"https:\\\/\\\/niutengcable.com\\\/wp-content\\\/uploads\\\/2025\\\/12\\\/American-Power-Cords-NEMA-1-15P-Plug-Type-A-2-poles-ETL-Certified-02.webp\",\"datePublished\":\"2025-12-10T13:41:23+00:00\",\"dateModified\":\"2025-12-29T07:16:28+00:00\",\"breadcrumb\":{\"@id\":\"https:\\\/\\\/niutengcable.com\\\/fr\\\/produit\\\/cordon-dalimentation-americain-fiche-nema-1-15p-type-a-2-poles-certifie-etl-02\\\/#breadcrumb\"},\"inLanguage\":\"fr-FR\",\"potentialAction\":[{\"@type\":\"ReadAction\",\"target\":[\"https:\\\/\\\/niutengcable.com\\\/fr\\\/produit\\\/cordon-dalimentation-americain-fiche-nema-1-15p-type-a-2-poles-certifie-etl-02\\\/\"]}]},{\"@type\":\"ImageObject\",\"inLanguage\":\"fr-FR\",\"@id\":\"https:\\\/\\\/niutengcable.com\\\/fr\\\/produit\\\/cordon-dalimentation-americain-fiche-nema-1-15p-type-a-2-poles-certifie-etl-02\\\/#primaryimage\",\"url\":\"https:\\\/\\\/niutengcable.com\\\/wp-content\\\/uploads\\\/2025\\\/12\\\/American-Power-Cords-NEMA-1-15P-Plug-Type-A-2-poles-ETL-Certified-02.webp\",\"contentUrl\":\"https:\\\/\\\/niutengcable.com\\\/wp-content\\\/uploads\\\/2025\\\/12\\\/American-Power-Cords-NEMA-1-15P-Plug-Type-A-2-poles-ETL-Certified-02.webp\",\"width\":800,\"height\":800},{\"@type\":\"BreadcrumbList\",\"@id\":\"https:\\\/\\\/niutengcable.com\\\/fr\\\/produit\\\/cordon-dalimentation-americain-fiche-nema-1-15p-type-a-2-poles-certifie-etl-02\\\/#breadcrumb\",\"itemListElement\":[{\"@type\":\"ListItem\",\"position\":1,\"name\":\"Home\",\"item\":\"https:\\\/\\\/niutengcable.com\\\/fr\\\/maison\\\/\"},{\"@type\":\"ListItem\",\"position\":2,\"name\":\"produits\",\"item\":\"https:\\\/\\\/niutengcable.com\\\/fr\\\/boutique\\\/\"},{\"@type\":\"ListItem\",\"position\":3,\"name\":\"Cordon d&#8217;alimentation am\u00e9ricain, fiche NEMA 1-15P, type A, 2 p\u00f4les, certifi\u00e9 ETL-02\"}]},{\"@type\":\"WebSite\",\"@id\":\"https:\\\/\\\/niutengcable.com\\\/#website\",\"url\":\"https:\\\/\\\/niutengcable.com\\\/\",\"name\":\"Niutengcable\",\"description\":\"\",\"publisher\":{\"@id\":\"https:\\\/\\\/niutengcable.com\\\/#organization\"},\"potentialAction\":[{\"@type\":\"SearchAction\",\"target\":{\"@type\":\"EntryPoint\",\"urlTemplate\":\"https:\\\/\\\/niutengcable.com\\\/?s={search_term_string}\"},\"query-input\":{\"@type\":\"PropertyValueSpecification\",\"valueRequired\":true,\"valueName\":\"search_term_string\"}}],\"inLanguage\":\"fr-FR\"},{\"@type\":\"Organization\",\"@id\":\"https:\\\/\\\/niutengcable.com\\\/#organization\",\"name\":\"Niutengcable\",\"url\":\"https:\\\/\\\/niutengcable.com\\\/\",\"logo\":{\"@type\":\"ImageObject\",\"inLanguage\":\"fr-FR\",\"@id\":\"https:\\\/\\\/niutengcable.com\\\/#\\\/schema\\\/logo\\\/image\\\/\",\"url\":\"https:\\\/\\\/niutengcable.com\\\/wp-content\\\/uploads\\\/2025\\\/11\\\/logo512@1x.webp\",\"contentUrl\":\"https:\\\/\\\/niutengcable.com\\\/wp-content\\\/uploads\\\/2025\\\/11\\\/logo512@1x.webp\",\"width\":512,\"height\":512,\"caption\":\"Niutengcable\"},\"image\":{\"@id\":\"https:\\\/\\\/niutengcable.com\\\/#\\\/schema\\\/logo\\\/image\\\/\"}}]}<\/script>\n<!-- \/ Yoast SEO plugin. -->","yoast_head_json":{"title":"Cordon d'alimentation am\u00e9ricain, fiche NEMA 1-15P, type A, 2 p\u00f4les, certifi\u00e9 ETL-02 - Niutengcable","robots":{"index":"index","follow":"follow","max-snippet":"max-snippet:-1","max-image-preview":"max-image-preview:large","max-video-preview":"max-video-preview:-1"},"canonical":"https:\/\/niutengcable.com\/fr\/produit\/cordon-dalimentation-americain-fiche-nema-1-15p-type-a-2-poles-certifie-etl-02\/","og_locale":"fr_FR","og_type":"article","og_title":"Cordon d'alimentation am\u00e9ricain, fiche NEMA 1-15P, type A, 2 p\u00f4les, certifi\u00e9 ETL-02 - Niutengcable","og_description":"Cordons d&rsquo;alimentation am\u00e9ricains, 10A, 13A, 15A 125V, prise de type A. Cordons d&rsquo;alimentation am\u00e9ricains conformes aux normes NEMA 1-15P avec certification ETL. Fiche non rec\u00e2blable \u00e0 2 p\u00f4les sans contact de terre, moul\u00e9e avec des cordons flexibles non rec\u00e2blables. Ce c\u00e2ble d&rsquo;alimentation am\u00e9ricain \u00e0 deux broches convient aux applications g\u00e9n\u00e9rales et comprend des c\u00e2bles flexibles [&hellip;]","og_url":"https:\/\/niutengcable.com\/fr\/produit\/cordon-dalimentation-americain-fiche-nema-1-15p-type-a-2-poles-certifie-etl-02\/","og_site_name":"Niutengcable","article_modified_time":"2025-12-29T07:16:28+00:00","og_image":[{"width":800,"height":800,"url":"https:\/\/niutengcable.com\/wp-content\/uploads\/2025\/12\/American-Power-Cords-NEMA-1-15P-Plug-Type-A-2-poles-ETL-Certified-02.webp","type":"image\/webp"}],"twitter_card":"summary_large_image","twitter_misc":{"Dur\u00e9e de lecture estim\u00e9e":"1 minute"},"schema":{"@context":"https:\/\/schema.org","@graph":[{"@type":"WebPage","@id":"https:\/\/niutengcable.com\/fr\/produit\/cordon-dalimentation-americain-fiche-nema-1-15p-type-a-2-poles-certifie-etl-02\/","url":"https:\/\/niutengcable.com\/fr\/produit\/cordon-dalimentation-americain-fiche-nema-1-15p-type-a-2-poles-certifie-etl-02\/","name":"Cordon d'alimentation am\u00e9ricain, fiche NEMA 1-15P, type A, 2 p\u00f4les, certifi\u00e9 ETL-02 - Niutengcable","isPartOf":{"@id":"https:\/\/niutengcable.com\/#website"},"primaryImageOfPage":{"@id":"https:\/\/niutengcable.com\/fr\/produit\/cordon-dalimentation-americain-fiche-nema-1-15p-type-a-2-poles-certifie-etl-02\/#primaryimage"},"image":{"@id":"https:\/\/niutengcable.com\/fr\/produit\/cordon-dalimentation-americain-fiche-nema-1-15p-type-a-2-poles-certifie-etl-02\/#primaryimage"},"thumbnailUrl":"https:\/\/niutengcable.com\/wp-content\/uploads\/2025\/12\/American-Power-Cords-NEMA-1-15P-Plug-Type-A-2-poles-ETL-Certified-02.webp","datePublished":"2025-12-10T13:41:23+00:00","dateModified":"2025-12-29T07:16:28+00:00","breadcrumb":{"@id":"https:\/\/niutengcable.com\/fr\/produit\/cordon-dalimentation-americain-fiche-nema-1-15p-type-a-2-poles-certifie-etl-02\/#breadcrumb"},"inLanguage":"fr-FR","potentialAction":[{"@type":"ReadAction","target":["https:\/\/niutengcable.com\/fr\/produit\/cordon-dalimentation-americain-fiche-nema-1-15p-type-a-2-poles-certifie-etl-02\/"]}]},{"@type":"ImageObject","inLanguage":"fr-FR","@id":"https:\/\/niutengcable.com\/fr\/produit\/cordon-dalimentation-americain-fiche-nema-1-15p-type-a-2-poles-certifie-etl-02\/#primaryimage","url":"https:\/\/niutengcable.com\/wp-content\/uploads\/2025\/12\/American-Power-Cords-NEMA-1-15P-Plug-Type-A-2-poles-ETL-Certified-02.webp","contentUrl":"https:\/\/niutengcable.com\/wp-content\/uploads\/2025\/12\/American-Power-Cords-NEMA-1-15P-Plug-Type-A-2-poles-ETL-Certified-02.webp","width":800,"height":800},{"@type":"BreadcrumbList","@id":"https:\/\/niutengcable.com\/fr\/produit\/cordon-dalimentation-americain-fiche-nema-1-15p-type-a-2-poles-certifie-etl-02\/#breadcrumb","itemListElement":[{"@type":"ListItem","position":1,"name":"Home","item":"https:\/\/niutengcable.com\/fr\/maison\/"},{"@type":"ListItem","position":2,"name":"produits","item":"https:\/\/niutengcable.com\/fr\/boutique\/"},{"@type":"ListItem","position":3,"name":"Cordon d&#8217;alimentation am\u00e9ricain, fiche NEMA 1-15P, type A, 2 p\u00f4les, certifi\u00e9 ETL-02"}]},{"@type":"WebSite","@id":"https:\/\/niutengcable.com\/#website","url":"https:\/\/niutengcable.com\/","name":"Niutengcable","description":"","publisher":{"@id":"https:\/\/niutengcable.com\/#organization"},"potentialAction":[{"@type":"SearchAction","target":{"@type":"EntryPoint","urlTemplate":"https:\/\/niutengcable.com\/?s={search_term_string}"},"query-input":{"@type":"PropertyValueSpecification","valueRequired":true,"valueName":"search_term_string"}}],"inLanguage":"fr-FR"},{"@type":"Organization","@id":"https:\/\/niutengcable.com\/#organization","name":"Niutengcable","url":"https:\/\/niutengcable.com\/","logo":{"@type":"ImageObject","inLanguage":"fr-FR","@id":"https:\/\/niutengcable.com\/#\/schema\/logo\/image\/","url":"https:\/\/niutengcable.com\/wp-content\/uploads\/2025\/11\/logo512@1x.webp","contentUrl":"https:\/\/niutengcable.com\/wp-content\/uploads\/2025\/11\/logo512@1x.webp","width":512,"height":512,"caption":"Niutengcable"},"image":{"@id":"https:\/\/niutengcable.com\/#\/schema\/logo\/image\/"}}]}},"_links":{"self":[{"href":"https:\/\/niutengcable.com\/fr\/wp-json\/wp\/v2\/product\/1935","targetHints":{"allow":["GET"]}}],"collection":[{"href":"https:\/\/niutengcable.com\/fr\/wp-json\/wp\/v2\/product"}],"about":[{"href":"https:\/\/niutengcable.com\/fr\/wp-json\/wp\/v2\/types\/product"}],"replies":[{"embeddable":true,"href":"https:\/\/niutengcable.com\/fr\/wp-json\/wp\/v2\/comments?post=1935"}],"wp:featuredmedia":[{"embeddable":true,"href":"https:\/\/niutengcable.com\/fr\/wp-json\/wp\/v2\/media\/1936"}],"wp:attachment":[{"href":"https:\/\/niutengcable.com\/fr\/wp-json\/wp\/v2\/media?parent=1935"}],"wp:term":[{"taxonomy":"product_brand","embeddable":true,"href":"https:\/\/niutengcable.com\/fr\/wp-json\/wp\/v2\/product_brand?post=1935"},{"taxonomy":"product_cat","embeddable":true,"href":"https:\/\/niutengcable.com\/fr\/wp-json\/wp\/v2\/product_cat?post=1935"},{"taxonomy":"product_tag","embeddable":true,"href":"https:\/\/niutengcable.com\/fr\/wp-json\/wp\/v2\/product_tag?post=1935"}],"curies":[{"name":"wp","href":"https:\/\/api.w.org\/{rel}","templated":true}]}}