{"id":2007,"date":"2025-12-01T08:38:25","date_gmt":"2025-12-01T08:38:25","guid":{"rendered":"https:\/\/niutengcable.com\/product\/iec-60320-c7-connector-st2\/"},"modified":"2025-12-29T09:46:17","modified_gmt":"2025-12-29T09:46:17","slug":"iec-60320-c7-connector-st2","status":"publish","type":"product","link":"https:\/\/niutengcable.com\/fr\/produit\/iec-60320-c7-connector-st2\/","title":{"rendered":"IEC 60320 C7 Connector ST2"},"content":{"rendered":"<p>En raison de sa forme en coupe transversale, il est souvent appel\u00e9 connecteur en forme de 8 ou connecteur fusil. Ces connecteurs sont couramment utilis\u00e9s dans les petits magn\u00e9tophones \u00e0 cassettes, les radios aliment\u00e9es par batterie\/secteur, les lampes de bureau, les haut-parleurs, les \u00e9crans LCD, les imprimantes, les appareils photo num\u00e9riques, les sacs chauffants, les adaptateurs secteur, etc.<\/p>\n","protected":false},"excerpt":{"rendered":"<p>En raison de sa forme en coupe transversale, il est souvent appel\u00e9 connecteur en forme de 8 ou connecteur fusil. Ces connecteurs sont couramment utilis\u00e9s dans les petits magn\u00e9tophones \u00e0 cassettes, les radios aliment\u00e9es par batterie\/secteur, les lampes de bureau, les haut-parleurs, les \u00e9crans LCD, les imprimantes, les appareils photo num\u00e9riques, les sacs chauffants, les [&hellip;]<\/p>\n","protected":false},"featured_media":1441,"comment_status":"open","ping_status":"closed","template":"","meta":{"_acf_changed":false},"product_brand":[],"product_cat":[167],"product_tag":[],"class_list":{"0":"post-2007","1":"product","2":"type-product","3":"status-publish","4":"has-post-thumbnail","6":"product_cat-connecteurs-dalimentation-iec-60320","8":"first","9":"instock","10":"shipping-taxable","11":"product-type-simple"},"acf":[],"yoast_head":"<!-- This site is optimized with the Yoast SEO plugin v27.4 - https:\/\/yoast.com\/product\/yoast-seo-wordpress\/ -->\n<title>IEC 60320 C7 Connector ST2 - Niutengcable<\/title>\n<meta name=\"robots\" content=\"index, follow, max-snippet:-1, max-image-preview:large, max-video-preview:-1\" \/>\n<link rel=\"canonical\" href=\"https:\/\/niutengcable.com\/fr\/produit\/iec-60320-c7-connector-st2\/\" \/>\n<meta property=\"og:locale\" content=\"fr_FR\" \/>\n<meta property=\"og:type\" content=\"article\" \/>\n<meta property=\"og:title\" content=\"IEC 60320 C7 Connector ST2 - Niutengcable\" \/>\n<meta property=\"og:description\" content=\"En raison de sa forme en coupe transversale, il est souvent appel\u00e9 connecteur en forme de 8 ou connecteur fusil. Ces connecteurs sont couramment utilis\u00e9s dans les petits magn\u00e9tophones \u00e0 cassettes, les radios aliment\u00e9es par batterie\/secteur, les lampes de bureau, les haut-parleurs, les \u00e9crans LCD, les imprimantes, les appareils photo num\u00e9riques, les sacs chauffants, les [&hellip;]\" \/>\n<meta property=\"og:url\" content=\"https:\/\/niutengcable.com\/fr\/produit\/iec-60320-c7-connector-st2\/\" \/>\n<meta property=\"og:site_name\" content=\"Niutengcable\" \/>\n<meta property=\"article:modified_time\" content=\"2025-12-29T09:46:17+00:00\" \/>\n<meta property=\"og:image\" content=\"https:\/\/niutengcable.com\/wp-content\/uploads\/2025\/12\/IEC-60320-C7-Connector-ST2-2.webp\" \/>\n\t<meta property=\"og:image:width\" content=\"800\" \/>\n\t<meta property=\"og:image:height\" content=\"800\" \/>\n\t<meta property=\"og:image:type\" content=\"image\/webp\" \/>\n<meta name=\"twitter:card\" content=\"summary_large_image\" \/>\n<script type=\"application\/ld+json\" class=\"yoast-schema-graph\">{\"@context\":\"https:\\\/\\\/schema.org\",\"@graph\":[{\"@type\":\"WebPage\",\"@id\":\"https:\\\/\\\/niutengcable.com\\\/fr\\\/produit\\\/iec-60320-c7-connector-st2\\\/\",\"url\":\"https:\\\/\\\/niutengcable.com\\\/fr\\\/produit\\\/iec-60320-c7-connector-st2\\\/\",\"name\":\"IEC 60320 C7 Connector ST2 - Niutengcable\",\"isPartOf\":{\"@id\":\"https:\\\/\\\/niutengcable.com\\\/#website\"},\"primaryImageOfPage\":{\"@id\":\"https:\\\/\\\/niutengcable.com\\\/fr\\\/produit\\\/iec-60320-c7-connector-st2\\\/#primaryimage\"},\"image\":{\"@id\":\"https:\\\/\\\/niutengcable.com\\\/fr\\\/produit\\\/iec-60320-c7-connector-st2\\\/#primaryimage\"},\"thumbnailUrl\":\"https:\\\/\\\/niutengcable.com\\\/wp-content\\\/uploads\\\/2025\\\/12\\\/IEC-60320-C7-Connector-ST2-2.webp\",\"datePublished\":\"2025-12-01T08:38:25+00:00\",\"dateModified\":\"2025-12-29T09:46:17+00:00\",\"breadcrumb\":{\"@id\":\"https:\\\/\\\/niutengcable.com\\\/fr\\\/produit\\\/iec-60320-c7-connector-st2\\\/#breadcrumb\"},\"inLanguage\":\"fr-FR\",\"potentialAction\":[{\"@type\":\"ReadAction\",\"target\":[\"https:\\\/\\\/niutengcable.com\\\/fr\\\/produit\\\/iec-60320-c7-connector-st2\\\/\"]}]},{\"@type\":\"ImageObject\",\"inLanguage\":\"fr-FR\",\"@id\":\"https:\\\/\\\/niutengcable.com\\\/fr\\\/produit\\\/iec-60320-c7-connector-st2\\\/#primaryimage\",\"url\":\"https:\\\/\\\/niutengcable.com\\\/wp-content\\\/uploads\\\/2025\\\/12\\\/IEC-60320-C7-Connector-ST2-2.webp\",\"contentUrl\":\"https:\\\/\\\/niutengcable.com\\\/wp-content\\\/uploads\\\/2025\\\/12\\\/IEC-60320-C7-Connector-ST2-2.webp\",\"width\":800,\"height\":800},{\"@type\":\"BreadcrumbList\",\"@id\":\"https:\\\/\\\/niutengcable.com\\\/fr\\\/produit\\\/iec-60320-c7-connector-st2\\\/#breadcrumb\",\"itemListElement\":[{\"@type\":\"ListItem\",\"position\":1,\"name\":\"Home\",\"item\":\"https:\\\/\\\/niutengcable.com\\\/fr\\\/maison\\\/\"},{\"@type\":\"ListItem\",\"position\":2,\"name\":\"produits\",\"item\":\"https:\\\/\\\/niutengcable.com\\\/fr\\\/boutique\\\/\"},{\"@type\":\"ListItem\",\"position\":3,\"name\":\"IEC 60320 C7 Connector ST2\"}]},{\"@type\":\"WebSite\",\"@id\":\"https:\\\/\\\/niutengcable.com\\\/#website\",\"url\":\"https:\\\/\\\/niutengcable.com\\\/\",\"name\":\"Niutengcable\",\"description\":\"\",\"publisher\":{\"@id\":\"https:\\\/\\\/niutengcable.com\\\/#organization\"},\"potentialAction\":[{\"@type\":\"SearchAction\",\"target\":{\"@type\":\"EntryPoint\",\"urlTemplate\":\"https:\\\/\\\/niutengcable.com\\\/?s={search_term_string}\"},\"query-input\":{\"@type\":\"PropertyValueSpecification\",\"valueRequired\":true,\"valueName\":\"search_term_string\"}}],\"inLanguage\":\"fr-FR\"},{\"@type\":\"Organization\",\"@id\":\"https:\\\/\\\/niutengcable.com\\\/#organization\",\"name\":\"Niutengcable\",\"url\":\"https:\\\/\\\/niutengcable.com\\\/\",\"logo\":{\"@type\":\"ImageObject\",\"inLanguage\":\"fr-FR\",\"@id\":\"https:\\\/\\\/niutengcable.com\\\/#\\\/schema\\\/logo\\\/image\\\/\",\"url\":\"https:\\\/\\\/niutengcable.com\\\/wp-content\\\/uploads\\\/2025\\\/11\\\/logo512@1x.webp\",\"contentUrl\":\"https:\\\/\\\/niutengcable.com\\\/wp-content\\\/uploads\\\/2025\\\/11\\\/logo512@1x.webp\",\"width\":512,\"height\":512,\"caption\":\"Niutengcable\"},\"image\":{\"@id\":\"https:\\\/\\\/niutengcable.com\\\/#\\\/schema\\\/logo\\\/image\\\/\"}}]}<\/script>\n<!-- \/ Yoast SEO plugin. -->","yoast_head_json":{"title":"IEC 60320 C7 Connector ST2 - Niutengcable","robots":{"index":"index","follow":"follow","max-snippet":"max-snippet:-1","max-image-preview":"max-image-preview:large","max-video-preview":"max-video-preview:-1"},"canonical":"https:\/\/niutengcable.com\/fr\/produit\/iec-60320-c7-connector-st2\/","og_locale":"fr_FR","og_type":"article","og_title":"IEC 60320 C7 Connector ST2 - Niutengcable","og_description":"En raison de sa forme en coupe transversale, il est souvent appel\u00e9 connecteur en forme de 8 ou connecteur fusil. Ces connecteurs sont couramment utilis\u00e9s dans les petits magn\u00e9tophones \u00e0 cassettes, les radios aliment\u00e9es par batterie\/secteur, les lampes de bureau, les haut-parleurs, les \u00e9crans LCD, les imprimantes, les appareils photo num\u00e9riques, les sacs chauffants, les [&hellip;]","og_url":"https:\/\/niutengcable.com\/fr\/produit\/iec-60320-c7-connector-st2\/","og_site_name":"Niutengcable","article_modified_time":"2025-12-29T09:46:17+00:00","og_image":[{"width":800,"height":800,"url":"https:\/\/niutengcable.com\/wp-content\/uploads\/2025\/12\/IEC-60320-C7-Connector-ST2-2.webp","type":"image\/webp"}],"twitter_card":"summary_large_image","schema":{"@context":"https:\/\/schema.org","@graph":[{"@type":"WebPage","@id":"https:\/\/niutengcable.com\/fr\/produit\/iec-60320-c7-connector-st2\/","url":"https:\/\/niutengcable.com\/fr\/produit\/iec-60320-c7-connector-st2\/","name":"IEC 60320 C7 Connector ST2 - Niutengcable","isPartOf":{"@id":"https:\/\/niutengcable.com\/#website"},"primaryImageOfPage":{"@id":"https:\/\/niutengcable.com\/fr\/produit\/iec-60320-c7-connector-st2\/#primaryimage"},"image":{"@id":"https:\/\/niutengcable.com\/fr\/produit\/iec-60320-c7-connector-st2\/#primaryimage"},"thumbnailUrl":"https:\/\/niutengcable.com\/wp-content\/uploads\/2025\/12\/IEC-60320-C7-Connector-ST2-2.webp","datePublished":"2025-12-01T08:38:25+00:00","dateModified":"2025-12-29T09:46:17+00:00","breadcrumb":{"@id":"https:\/\/niutengcable.com\/fr\/produit\/iec-60320-c7-connector-st2\/#breadcrumb"},"inLanguage":"fr-FR","potentialAction":[{"@type":"ReadAction","target":["https:\/\/niutengcable.com\/fr\/produit\/iec-60320-c7-connector-st2\/"]}]},{"@type":"ImageObject","inLanguage":"fr-FR","@id":"https:\/\/niutengcable.com\/fr\/produit\/iec-60320-c7-connector-st2\/#primaryimage","url":"https:\/\/niutengcable.com\/wp-content\/uploads\/2025\/12\/IEC-60320-C7-Connector-ST2-2.webp","contentUrl":"https:\/\/niutengcable.com\/wp-content\/uploads\/2025\/12\/IEC-60320-C7-Connector-ST2-2.webp","width":800,"height":800},{"@type":"BreadcrumbList","@id":"https:\/\/niutengcable.com\/fr\/produit\/iec-60320-c7-connector-st2\/#breadcrumb","itemListElement":[{"@type":"ListItem","position":1,"name":"Home","item":"https:\/\/niutengcable.com\/fr\/maison\/"},{"@type":"ListItem","position":2,"name":"produits","item":"https:\/\/niutengcable.com\/fr\/boutique\/"},{"@type":"ListItem","position":3,"name":"IEC 60320 C7 Connector ST2"}]},{"@type":"WebSite","@id":"https:\/\/niutengcable.com\/#website","url":"https:\/\/niutengcable.com\/","name":"Niutengcable","description":"","publisher":{"@id":"https:\/\/niutengcable.com\/#organization"},"potentialAction":[{"@type":"SearchAction","target":{"@type":"EntryPoint","urlTemplate":"https:\/\/niutengcable.com\/?s={search_term_string}"},"query-input":{"@type":"PropertyValueSpecification","valueRequired":true,"valueName":"search_term_string"}}],"inLanguage":"fr-FR"},{"@type":"Organization","@id":"https:\/\/niutengcable.com\/#organization","name":"Niutengcable","url":"https:\/\/niutengcable.com\/","logo":{"@type":"ImageObject","inLanguage":"fr-FR","@id":"https:\/\/niutengcable.com\/#\/schema\/logo\/image\/","url":"https:\/\/niutengcable.com\/wp-content\/uploads\/2025\/11\/logo512@1x.webp","contentUrl":"https:\/\/niutengcable.com\/wp-content\/uploads\/2025\/11\/logo512@1x.webp","width":512,"height":512,"caption":"Niutengcable"},"image":{"@id":"https:\/\/niutengcable.com\/#\/schema\/logo\/image\/"}}]}},"_links":{"self":[{"href":"https:\/\/niutengcable.com\/fr\/wp-json\/wp\/v2\/product\/2007","targetHints":{"allow":["GET"]}}],"collection":[{"href":"https:\/\/niutengcable.com\/fr\/wp-json\/wp\/v2\/product"}],"about":[{"href":"https:\/\/niutengcable.com\/fr\/wp-json\/wp\/v2\/types\/product"}],"replies":[{"embeddable":true,"href":"https:\/\/niutengcable.com\/fr\/wp-json\/wp\/v2\/comments?post=2007"}],"wp:featuredmedia":[{"embeddable":true,"href":"https:\/\/niutengcable.com\/fr\/wp-json\/wp\/v2\/media\/1441"}],"wp:attachment":[{"href":"https:\/\/niutengcable.com\/fr\/wp-json\/wp\/v2\/media?parent=2007"}],"wp:term":[{"taxonomy":"product_brand","embeddable":true,"href":"https:\/\/niutengcable.com\/fr\/wp-json\/wp\/v2\/product_brand?post=2007"},{"taxonomy":"product_cat","embeddable":true,"href":"https:\/\/niutengcable.com\/fr\/wp-json\/wp\/v2\/product_cat?post=2007"},{"taxonomy":"product_tag","embeddable":true,"href":"https:\/\/niutengcable.com\/fr\/wp-json\/wp\/v2\/product_tag?post=2007"}],"curies":[{"name":"wp","href":"https:\/\/api.w.org\/{rel}","templated":true}]}}