{"id":2266,"date":"2026-01-24T08:10:20","date_gmt":"2026-01-24T08:10:20","guid":{"rendered":"https:\/\/niutengcable.com\/product\/cables-pour-lampes-a-sel-europeennes-avec-interrupteur-a-bascule-303-et-douille-e27-pour-ampoule-a-vis\/"},"modified":"2026-01-24T08:10:20","modified_gmt":"2026-01-24T08:10:20","slug":"cables-pour-lampes-a-sel-europeennes-avec-interrupteur-a-bascule-303-et-douille-e27-pour-ampoule-a-vis","status":"publish","type":"product","link":"https:\/\/niutengcable.com\/fr\/produit\/cables-pour-lampes-a-sel-europeennes-avec-interrupteur-a-bascule-303-et-douille-e27-pour-ampoule-a-vis\/","title":{"rendered":"C\u00e2bles pour lampes \u00e0 sel europ\u00e9ennes avec interrupteur \u00e0 bascule 303 et douille E27 pour ampoule \u00e0 vis."},"content":{"rendered":"<p>C\u00e2bles pour lampes \u00e0 ampoule, avec fiche europ\u00e9enne \u00e0 2 broches,avec 303 activation\/d\u00e9sactivation Commande d&rsquo;activation\/d\u00e9sactivation.Compatible avec tous les culots de lampe E12, E14, E26, E27, E40. <\/p>\n<p>Ce cordon d&rsquo;alimentation pour lampe avec prise europ\u00e9enne est de meilleure qualit\u00e9 et a une dur\u00e9e de vie plus longue. Conception sans restrictions : chaque appareil peut \u00eatre command\u00e9 avec une rallonge de n&rsquo;importe quelle longueur,ainsi que tous les c\u00e2bles, l&rsquo;interrupteur et la douille de lampe sp\u00e9cifi\u00e9s.<\/p>\n<p>En m\u00eame temps, L&rsquo;interrupteur peut \u00eatre install\u00e9 \u00e0 n&rsquo;importe quel endroit, \u00e0 distance de la prise. Ainsi, la position du support de votre lampe n&rsquo;est pas limit\u00e9e par la position de l&rsquo;interrupteur.<\/p>\n","protected":false},"excerpt":{"rendered":"<p>C\u00e2bles pour lampes \u00e0 ampoule, avec fiche europ\u00e9enne \u00e0 2 broches,avec 303 activation\/d\u00e9sactivation Commande d&rsquo;activation\/d\u00e9sactivation.Compatible avec tous les culots de lampe E12, E14, E26, E27, E40. Ce cordon d&rsquo;alimentation pour lampe avec prise europ\u00e9enne est de meilleure qualit\u00e9 et a une dur\u00e9e de vie plus longue. Conception sans restrictions : chaque appareil peut \u00eatre command\u00e9 [&hellip;]<\/p>\n","protected":false},"featured_media":2180,"comment_status":"open","ping_status":"closed","template":"","meta":{"_acf_changed":false},"product_brand":[387],"product_cat":[200],"product_tag":[],"class_list":{"0":"post-2266","1":"product","2":"type-product","3":"status-publish","4":"has-post-thumbnail","6":"product_brand-niuteng","7":"product_cat-cordons-de-lampe","9":"first","10":"instock","11":"shipping-taxable","12":"product-type-simple"},"acf":[],"yoast_head":"<!-- This site is optimized with the Yoast SEO plugin v27.4 - https:\/\/yoast.com\/product\/yoast-seo-wordpress\/ -->\n<title>C\u00e2bles pour lampes \u00e0 sel europ\u00e9ennes avec interrupteur \u00e0 bascule 303 et douille E27 pour ampoule \u00e0 vis. - Niutengcable<\/title>\n<meta name=\"robots\" content=\"index, follow, max-snippet:-1, max-image-preview:large, max-video-preview:-1\" \/>\n<link rel=\"canonical\" href=\"https:\/\/niutengcable.com\/fr\/produit\/cables-pour-lampes-a-sel-europeennes-avec-interrupteur-a-bascule-303-et-douille-e27-pour-ampoule-a-vis\/\" \/>\n<meta property=\"og:locale\" content=\"fr_FR\" \/>\n<meta property=\"og:type\" content=\"article\" \/>\n<meta property=\"og:title\" content=\"C\u00e2bles pour lampes \u00e0 sel europ\u00e9ennes avec interrupteur \u00e0 bascule 303 et douille E27 pour ampoule \u00e0 vis. - Niutengcable\" \/>\n<meta property=\"og:description\" content=\"C\u00e2bles pour lampes \u00e0 ampoule, avec fiche europ\u00e9enne \u00e0 2 broches,avec 303 activation\/d\u00e9sactivation Commande d&rsquo;activation\/d\u00e9sactivation.Compatible avec tous les culots de lampe E12, E14, E26, E27, E40. Ce cordon d&rsquo;alimentation pour lampe avec prise europ\u00e9enne est de meilleure qualit\u00e9 et a une dur\u00e9e de vie plus longue. Conception sans restrictions : chaque appareil peut \u00eatre command\u00e9 [&hellip;]\" \/>\n<meta property=\"og:url\" content=\"https:\/\/niutengcable.com\/fr\/produit\/cables-pour-lampes-a-sel-europeennes-avec-interrupteur-a-bascule-303-et-douille-e27-pour-ampoule-a-vis\/\" \/>\n<meta property=\"og:site_name\" content=\"Niutengcable\" \/>\n<meta property=\"og:image\" content=\"https:\/\/niutengcable.com\/wp-content\/uploads\/2026\/01\/european-plug-lamp-cords-with-303-toggle-on-off-switch-e27-spiral-lampholder.jpg\" \/>\n\t<meta property=\"og:image:width\" content=\"600\" \/>\n\t<meta property=\"og:image:height\" content=\"420\" \/>\n\t<meta property=\"og:image:type\" content=\"image\/jpeg\" \/>\n<meta name=\"twitter:card\" content=\"summary_large_image\" \/>\n<meta name=\"twitter:label1\" content=\"Dur\u00e9e de lecture estim\u00e9e\" \/>\n\t<meta name=\"twitter:data1\" content=\"1 minute\" \/>\n<script type=\"application\/ld+json\" class=\"yoast-schema-graph\">{\"@context\":\"https:\\\/\\\/schema.org\",\"@graph\":[{\"@type\":\"WebPage\",\"@id\":\"https:\\\/\\\/niutengcable.com\\\/fr\\\/produit\\\/cables-pour-lampes-a-sel-europeennes-avec-interrupteur-a-bascule-303-et-douille-e27-pour-ampoule-a-vis\\\/\",\"url\":\"https:\\\/\\\/niutengcable.com\\\/fr\\\/produit\\\/cables-pour-lampes-a-sel-europeennes-avec-interrupteur-a-bascule-303-et-douille-e27-pour-ampoule-a-vis\\\/\",\"name\":\"C\u00e2bles pour lampes \u00e0 sel europ\u00e9ennes avec interrupteur \u00e0 bascule 303 et douille E27 pour ampoule \u00e0 vis. - Niutengcable\",\"isPartOf\":{\"@id\":\"https:\\\/\\\/niutengcable.com\\\/#website\"},\"primaryImageOfPage\":{\"@id\":\"https:\\\/\\\/niutengcable.com\\\/fr\\\/produit\\\/cables-pour-lampes-a-sel-europeennes-avec-interrupteur-a-bascule-303-et-douille-e27-pour-ampoule-a-vis\\\/#primaryimage\"},\"image\":{\"@id\":\"https:\\\/\\\/niutengcable.com\\\/fr\\\/produit\\\/cables-pour-lampes-a-sel-europeennes-avec-interrupteur-a-bascule-303-et-douille-e27-pour-ampoule-a-vis\\\/#primaryimage\"},\"thumbnailUrl\":\"https:\\\/\\\/niutengcable.com\\\/wp-content\\\/uploads\\\/2026\\\/01\\\/european-plug-lamp-cords-with-303-toggle-on-off-switch-e27-spiral-lampholder.jpg\",\"datePublished\":\"2026-01-24T08:10:20+00:00\",\"breadcrumb\":{\"@id\":\"https:\\\/\\\/niutengcable.com\\\/fr\\\/produit\\\/cables-pour-lampes-a-sel-europeennes-avec-interrupteur-a-bascule-303-et-douille-e27-pour-ampoule-a-vis\\\/#breadcrumb\"},\"inLanguage\":\"fr-FR\",\"potentialAction\":[{\"@type\":\"ReadAction\",\"target\":[\"https:\\\/\\\/niutengcable.com\\\/fr\\\/produit\\\/cables-pour-lampes-a-sel-europeennes-avec-interrupteur-a-bascule-303-et-douille-e27-pour-ampoule-a-vis\\\/\"]}]},{\"@type\":\"ImageObject\",\"inLanguage\":\"fr-FR\",\"@id\":\"https:\\\/\\\/niutengcable.com\\\/fr\\\/produit\\\/cables-pour-lampes-a-sel-europeennes-avec-interrupteur-a-bascule-303-et-douille-e27-pour-ampoule-a-vis\\\/#primaryimage\",\"url\":\"https:\\\/\\\/niutengcable.com\\\/wp-content\\\/uploads\\\/2026\\\/01\\\/european-plug-lamp-cords-with-303-toggle-on-off-switch-e27-spiral-lampholder.jpg\",\"contentUrl\":\"https:\\\/\\\/niutengcable.com\\\/wp-content\\\/uploads\\\/2026\\\/01\\\/european-plug-lamp-cords-with-303-toggle-on-off-switch-e27-spiral-lampholder.jpg\",\"width\":600,\"height\":420},{\"@type\":\"BreadcrumbList\",\"@id\":\"https:\\\/\\\/niutengcable.com\\\/fr\\\/produit\\\/cables-pour-lampes-a-sel-europeennes-avec-interrupteur-a-bascule-303-et-douille-e27-pour-ampoule-a-vis\\\/#breadcrumb\",\"itemListElement\":[{\"@type\":\"ListItem\",\"position\":1,\"name\":\"Home\",\"item\":\"https:\\\/\\\/niutengcable.com\\\/fr\\\/maison\\\/\"},{\"@type\":\"ListItem\",\"position\":2,\"name\":\"produits\",\"item\":\"https:\\\/\\\/niutengcable.com\\\/fr\\\/boutique\\\/\"},{\"@type\":\"ListItem\",\"position\":3,\"name\":\"C\u00e2bles pour lampes \u00e0 sel europ\u00e9ennes avec interrupteur \u00e0 bascule 303 et douille E27 pour ampoule \u00e0 vis.\"}]},{\"@type\":\"WebSite\",\"@id\":\"https:\\\/\\\/niutengcable.com\\\/#website\",\"url\":\"https:\\\/\\\/niutengcable.com\\\/\",\"name\":\"Niutengcable\",\"description\":\"\",\"publisher\":{\"@id\":\"https:\\\/\\\/niutengcable.com\\\/#organization\"},\"potentialAction\":[{\"@type\":\"SearchAction\",\"target\":{\"@type\":\"EntryPoint\",\"urlTemplate\":\"https:\\\/\\\/niutengcable.com\\\/?s={search_term_string}\"},\"query-input\":{\"@type\":\"PropertyValueSpecification\",\"valueRequired\":true,\"valueName\":\"search_term_string\"}}],\"inLanguage\":\"fr-FR\"},{\"@type\":\"Organization\",\"@id\":\"https:\\\/\\\/niutengcable.com\\\/#organization\",\"name\":\"Niutengcable\",\"url\":\"https:\\\/\\\/niutengcable.com\\\/\",\"logo\":{\"@type\":\"ImageObject\",\"inLanguage\":\"fr-FR\",\"@id\":\"https:\\\/\\\/niutengcable.com\\\/#\\\/schema\\\/logo\\\/image\\\/\",\"url\":\"https:\\\/\\\/niutengcable.com\\\/wp-content\\\/uploads\\\/2025\\\/11\\\/logo512@1x.webp\",\"contentUrl\":\"https:\\\/\\\/niutengcable.com\\\/wp-content\\\/uploads\\\/2025\\\/11\\\/logo512@1x.webp\",\"width\":512,\"height\":512,\"caption\":\"Niutengcable\"},\"image\":{\"@id\":\"https:\\\/\\\/niutengcable.com\\\/#\\\/schema\\\/logo\\\/image\\\/\"}}]}<\/script>\n<!-- \/ Yoast SEO plugin. -->","yoast_head_json":{"title":"C\u00e2bles pour lampes \u00e0 sel europ\u00e9ennes avec interrupteur \u00e0 bascule 303 et douille E27 pour ampoule \u00e0 vis. - Niutengcable","robots":{"index":"index","follow":"follow","max-snippet":"max-snippet:-1","max-image-preview":"max-image-preview:large","max-video-preview":"max-video-preview:-1"},"canonical":"https:\/\/niutengcable.com\/fr\/produit\/cables-pour-lampes-a-sel-europeennes-avec-interrupteur-a-bascule-303-et-douille-e27-pour-ampoule-a-vis\/","og_locale":"fr_FR","og_type":"article","og_title":"C\u00e2bles pour lampes \u00e0 sel europ\u00e9ennes avec interrupteur \u00e0 bascule 303 et douille E27 pour ampoule \u00e0 vis. - Niutengcable","og_description":"C\u00e2bles pour lampes \u00e0 ampoule, avec fiche europ\u00e9enne \u00e0 2 broches,avec 303 activation\/d\u00e9sactivation Commande d&rsquo;activation\/d\u00e9sactivation.Compatible avec tous les culots de lampe E12, E14, E26, E27, E40. Ce cordon d&rsquo;alimentation pour lampe avec prise europ\u00e9enne est de meilleure qualit\u00e9 et a une dur\u00e9e de vie plus longue. Conception sans restrictions : chaque appareil peut \u00eatre command\u00e9 [&hellip;]","og_url":"https:\/\/niutengcable.com\/fr\/produit\/cables-pour-lampes-a-sel-europeennes-avec-interrupteur-a-bascule-303-et-douille-e27-pour-ampoule-a-vis\/","og_site_name":"Niutengcable","og_image":[{"width":600,"height":420,"url":"https:\/\/niutengcable.com\/wp-content\/uploads\/2026\/01\/european-plug-lamp-cords-with-303-toggle-on-off-switch-e27-spiral-lampholder.jpg","type":"image\/jpeg"}],"twitter_card":"summary_large_image","twitter_misc":{"Dur\u00e9e de lecture estim\u00e9e":"1 minute"},"schema":{"@context":"https:\/\/schema.org","@graph":[{"@type":"WebPage","@id":"https:\/\/niutengcable.com\/fr\/produit\/cables-pour-lampes-a-sel-europeennes-avec-interrupteur-a-bascule-303-et-douille-e27-pour-ampoule-a-vis\/","url":"https:\/\/niutengcable.com\/fr\/produit\/cables-pour-lampes-a-sel-europeennes-avec-interrupteur-a-bascule-303-et-douille-e27-pour-ampoule-a-vis\/","name":"C\u00e2bles pour lampes \u00e0 sel europ\u00e9ennes avec interrupteur \u00e0 bascule 303 et douille E27 pour ampoule \u00e0 vis. - Niutengcable","isPartOf":{"@id":"https:\/\/niutengcable.com\/#website"},"primaryImageOfPage":{"@id":"https:\/\/niutengcable.com\/fr\/produit\/cables-pour-lampes-a-sel-europeennes-avec-interrupteur-a-bascule-303-et-douille-e27-pour-ampoule-a-vis\/#primaryimage"},"image":{"@id":"https:\/\/niutengcable.com\/fr\/produit\/cables-pour-lampes-a-sel-europeennes-avec-interrupteur-a-bascule-303-et-douille-e27-pour-ampoule-a-vis\/#primaryimage"},"thumbnailUrl":"https:\/\/niutengcable.com\/wp-content\/uploads\/2026\/01\/european-plug-lamp-cords-with-303-toggle-on-off-switch-e27-spiral-lampholder.jpg","datePublished":"2026-01-24T08:10:20+00:00","breadcrumb":{"@id":"https:\/\/niutengcable.com\/fr\/produit\/cables-pour-lampes-a-sel-europeennes-avec-interrupteur-a-bascule-303-et-douille-e27-pour-ampoule-a-vis\/#breadcrumb"},"inLanguage":"fr-FR","potentialAction":[{"@type":"ReadAction","target":["https:\/\/niutengcable.com\/fr\/produit\/cables-pour-lampes-a-sel-europeennes-avec-interrupteur-a-bascule-303-et-douille-e27-pour-ampoule-a-vis\/"]}]},{"@type":"ImageObject","inLanguage":"fr-FR","@id":"https:\/\/niutengcable.com\/fr\/produit\/cables-pour-lampes-a-sel-europeennes-avec-interrupteur-a-bascule-303-et-douille-e27-pour-ampoule-a-vis\/#primaryimage","url":"https:\/\/niutengcable.com\/wp-content\/uploads\/2026\/01\/european-plug-lamp-cords-with-303-toggle-on-off-switch-e27-spiral-lampholder.jpg","contentUrl":"https:\/\/niutengcable.com\/wp-content\/uploads\/2026\/01\/european-plug-lamp-cords-with-303-toggle-on-off-switch-e27-spiral-lampholder.jpg","width":600,"height":420},{"@type":"BreadcrumbList","@id":"https:\/\/niutengcable.com\/fr\/produit\/cables-pour-lampes-a-sel-europeennes-avec-interrupteur-a-bascule-303-et-douille-e27-pour-ampoule-a-vis\/#breadcrumb","itemListElement":[{"@type":"ListItem","position":1,"name":"Home","item":"https:\/\/niutengcable.com\/fr\/maison\/"},{"@type":"ListItem","position":2,"name":"produits","item":"https:\/\/niutengcable.com\/fr\/boutique\/"},{"@type":"ListItem","position":3,"name":"C\u00e2bles pour lampes \u00e0 sel europ\u00e9ennes avec interrupteur \u00e0 bascule 303 et douille E27 pour ampoule \u00e0 vis."}]},{"@type":"WebSite","@id":"https:\/\/niutengcable.com\/#website","url":"https:\/\/niutengcable.com\/","name":"Niutengcable","description":"","publisher":{"@id":"https:\/\/niutengcable.com\/#organization"},"potentialAction":[{"@type":"SearchAction","target":{"@type":"EntryPoint","urlTemplate":"https:\/\/niutengcable.com\/?s={search_term_string}"},"query-input":{"@type":"PropertyValueSpecification","valueRequired":true,"valueName":"search_term_string"}}],"inLanguage":"fr-FR"},{"@type":"Organization","@id":"https:\/\/niutengcable.com\/#organization","name":"Niutengcable","url":"https:\/\/niutengcable.com\/","logo":{"@type":"ImageObject","inLanguage":"fr-FR","@id":"https:\/\/niutengcable.com\/#\/schema\/logo\/image\/","url":"https:\/\/niutengcable.com\/wp-content\/uploads\/2025\/11\/logo512@1x.webp","contentUrl":"https:\/\/niutengcable.com\/wp-content\/uploads\/2025\/11\/logo512@1x.webp","width":512,"height":512,"caption":"Niutengcable"},"image":{"@id":"https:\/\/niutengcable.com\/#\/schema\/logo\/image\/"}}]}},"_links":{"self":[{"href":"https:\/\/niutengcable.com\/fr\/wp-json\/wp\/v2\/product\/2266","targetHints":{"allow":["GET"]}}],"collection":[{"href":"https:\/\/niutengcable.com\/fr\/wp-json\/wp\/v2\/product"}],"about":[{"href":"https:\/\/niutengcable.com\/fr\/wp-json\/wp\/v2\/types\/product"}],"replies":[{"embeddable":true,"href":"https:\/\/niutengcable.com\/fr\/wp-json\/wp\/v2\/comments?post=2266"}],"wp:featuredmedia":[{"embeddable":true,"href":"https:\/\/niutengcable.com\/fr\/wp-json\/wp\/v2\/media\/2180"}],"wp:attachment":[{"href":"https:\/\/niutengcable.com\/fr\/wp-json\/wp\/v2\/media?parent=2266"}],"wp:term":[{"taxonomy":"product_brand","embeddable":true,"href":"https:\/\/niutengcable.com\/fr\/wp-json\/wp\/v2\/product_brand?post=2266"},{"taxonomy":"product_cat","embeddable":true,"href":"https:\/\/niutengcable.com\/fr\/wp-json\/wp\/v2\/product_cat?post=2266"},{"taxonomy":"product_tag","embeddable":true,"href":"https:\/\/niutengcable.com\/fr\/wp-json\/wp\/v2\/product_tag?post=2266"}],"curies":[{"name":"wp","href":"https:\/\/api.w.org\/{rel}","templated":true}]}}